{"id":111,"date":"2013-03-18T13:17:19","date_gmt":"2013-03-18T11:17:19","guid":{"rendered":"http:\/\/lebensgemeinschaft-zugvoegel.de\/zv\/?page_id=111"},"modified":"2017-08-26T12:08:32","modified_gmt":"2017-08-26T10:08:32","slug":"so-finden-sie-uns-2","status":"publish","type":"page","link":"https:\/\/lebensgemeinschaft-zugvoegel.de\/zv\/nl\/so-finden-sie-uns-2\/","title":{"rendered":"Zo vindt u ons"},"content":{"rendered":"<p style=\"text-align: center;\">Christelijke leefgemeenschap De Trekvogels\/Die Zugv\u00f6gel<br \/> Huus Blinkf\u00fc\u00fcr in het dorpje Westerbur<br \/> Pastor-August-Janssen-Straat 1<br \/> 26553 Dornum<br \/> Telefoon: 0049 4933 1269<br \/> Mail: <a href=\"mailto:info@de-trekvogels.nl\">info@de-trekvogels.nl<\/a><\/p> <p>&nbsp;<\/p> <p>Routebeschrijving:<br \/> Met het openbaar vervoer:<\/p> <ul> <li>Met de trein naar Norden en daar neemt u de bus (richting Harlesiel Anleger) tot halte Roggenstede abzw. En dan nog 2,7 km te voet<\/li> <li>Met de trein naar Norddeich en daar neemt u de bus (richting Esens Bahnhof) tot halte Westerbur (Dornum) Schule\/Pumpsiel. En dan is het nog 1,4 km lopen.<\/li> <li>Met de trein naar Esens en daar neemt u de bus (richting Norddeich (Norden) Mole) tot halte Westerbur (Dornum) Schule\/Pumpsiel. En dan is het nog 1,4 km lopen.<\/li> <\/ul> <p style=\"text-align: left;\" align=\"center\"><span style=\"color: #3366ff;\">&nbsp;<\/span><\/p> <p style=\"text-align: center;\"><iframe loading=\"lazy\" src=\"http:\/\/maps.google.de\/maps?f=q&amp;source=s_q&amp;hl=de&amp;geocode=&amp;q=Lebensgemeinschaft+%22Die+Zugv%C3%B6gel%22,+Pastor-August-Janssen-Straat+1+26553+Dornum&amp;aq=&amp;sll=53.65664,7.49821&amp;sspn=0.011953,0.022466&amp;t=h&amp;g=Pastor-August-Janssen-Straat+1+26553+Dornum&amp;ie=UTF8&amp;hq=Lebensgemeinschaft+%22Die+Zugv%C3%B6gel%22,&amp;hnear=Pastor-August-Janssen-Straat+1,+Westerbur+26553+Dornum,+Niedersachsen&amp;ll=53.657896,7.498738&amp;spn=0.003179,0.008572&amp;z=17&amp;iwloc=A&amp;output=embed\" marginwidth=\"0\" marginheight=\"0\" scrolling=\"no\" height=\"500\" frameborder=\"0\" width=\"800\"><\/iframe><br \/> <small><a style=\"color: #0000ff; text-align: left;\" href=\"http:\/\/maps.google.de\/maps?f=q&amp;source=embed&amp;hl=de&amp;geocode=&amp;q=Lebensgemeinschaft+%22Die+Zugv%C3%B6gel%22,+Pastor-August-Janssen-Straat+1+26553+Dornum&amp;aq=&amp;sll=53.65664,7.49821&amp;sspn=0.011953,0.022466&amp;t=h&amp;g=Pastor-August-Janssen-Straat+1+26553+Dornum&amp;ie=UTF8&amp;hq=Lebensgemeinschaft+%22Die+Zugv%C3%B6gel%22,&amp;hnear=Pastor-August-Janssen-Straat+1,+Westerbur+26553+Dornum,+Niedersachsen&amp;ll=53.657896,7.498738&amp;spn=0.003179,0.008572&amp;z=17&amp;iwloc=A\">Gr\u00f6\u00dfere Kartenansicht<\/a><\/small><\/p> <div title=\"Page 1\">&nbsp;<\/div> ","protected":false},"excerpt":{"rendered":"<p>Christelijke leefgemeenschap De Trekvogels\/Die Zugv\u00f6gel Huus Blinkf\u00fc\u00fcr in het dorpje Westerbur Pastor-August-Janssen-Straat 1 26553 Dornum Telefoon: 0049 4933 1269 Mail: info@de-trekvogels.nl &nbsp; Routebeschrijving: Met het openbaar vervoer: Met de trein naar Norden en daar neemt u de bus (richting Harlesiel Anleger) tot halte Roggenstede abzw. En dan nog 2,7 km te voet Met de trein [&hellip;]<\/p>\n","protected":false},"author":3,"featured_media":0,"parent":0,"menu_order":0,"comment_status":"closed","ping_status":"closed","template":"","meta":{"ngg_post_thumbnail":0,"jetpack_post_was_ever_published":false,"footnotes":""},"class_list":["post-111","page","type-page","status-publish","hentry"],"translation":{"provider":"WPGlobus","version":"3.0.2","language":"nl","enabled_languages":["de","nl"],"languages":{"de":{"title":true,"content":true,"excerpt":false},"nl":{"title":true,"content":true,"excerpt":false}}},"jetpack_sharing_enabled":true,"jetpack_shortlink":"https:\/\/wp.me\/P92er0-1N","_links":{"self":[{"href":"https:\/\/lebensgemeinschaft-zugvoegel.de\/zv\/nl\/wp-json\/wp\/v2\/pages\/111","targetHints":{"allow":["GET"]}}],"collection":[{"href":"https:\/\/lebensgemeinschaft-zugvoegel.de\/zv\/nl\/wp-json\/wp\/v2\/pages"}],"about":[{"href":"https:\/\/lebensgemeinschaft-zugvoegel.de\/zv\/nl\/wp-json\/wp\/v2\/types\/page"}],"author":[{"embeddable":true,"href":"https:\/\/lebensgemeinschaft-zugvoegel.de\/zv\/nl\/wp-json\/wp\/v2\/users\/3"}],"replies":[{"embeddable":true,"href":"https:\/\/lebensgemeinschaft-zugvoegel.de\/zv\/nl\/wp-json\/wp\/v2\/comments?post=111"}],"version-history":[{"count":13,"href":"https:\/\/lebensgemeinschaft-zugvoegel.de\/zv\/nl\/wp-json\/wp\/v2\/pages\/111\/revisions"}],"predecessor-version":[{"id":674,"href":"https:\/\/lebensgemeinschaft-zugvoegel.de\/zv\/nl\/wp-json\/wp\/v2\/pages\/111\/revisions\/674"}],"wp:attachment":[{"href":"https:\/\/lebensgemeinschaft-zugvoegel.de\/zv\/nl\/wp-json\/wp\/v2\/media?parent=111"}],"curies":[{"name":"wp","href":"https:\/\/api.w.org\/{rel}","templated":true}]}}