{"id":113,"date":"2013-03-18T13:18:46","date_gmt":"2013-03-18T11:18:46","guid":{"rendered":"http:\/\/lebensgemeinschaft-zugvoegel.de\/zv\/?page_id=113"},"modified":"2024-10-07T20:35:16","modified_gmt":"2024-10-07T18:35:16","slug":"spenden-2","status":"publish","type":"page","link":"https:\/\/lebensgemeinschaft-zugvoegel.de\/zv\/nl\/spenden-2\/","title":{"rendered":"Uw giften\u2026"},"content":{"rendered":"<p>Ons werk is financieel volledig&nbsp; afhankelijk van giften:<\/p> <table id=\"AutoNumber1\" border=\"0\" width=\"100%\" cellspacing=\"0\" cellpadding=\"0\"> <tbody> <tr> <td width=\"54%\">Giften voor de pastorale hulpverlening:<br \/> IBAN: DE14 2565 1325 0121 8407 55<br \/> Ten name van: Sr. Marion Lambers.Giften voor Huus Blinkf\u00fc\u00fcr:<br \/> IBAN: DE20 2835 0000 0007 0154 23<br \/> Ten name van: Verein zum Bau und Erhalt des Haupthauses der Lebensgemeinschaft Zugv\u00f6gel e.V.<\/td> <td width=\"46%\">&nbsp;<\/td> <\/tr> <\/tbody> <\/table> <p>&nbsp;<\/p> ","protected":false},"excerpt":{"rendered":"<p>Ons werk is financieel volledig&nbsp; afhankelijk van giften: Giften voor de pastorale hulpverlening: IBAN: DE14 2565 1325 0121 8407 55 Ten name van: Sr. Marion Lambers.Giften voor Huus Blinkf\u00fc\u00fcr: IBAN: DE20 2835 0000 0007 0154 23 Ten name van: Verein zum Bau und Erhalt des Haupthauses der Lebensgemeinschaft Zugv\u00f6gel e.V. &nbsp; &nbsp;<\/p>\n","protected":false},"author":3,"featured_media":0,"parent":0,"menu_order":0,"comment_status":"closed","ping_status":"closed","template":"","meta":{"ngg_post_thumbnail":0,"jetpack_post_was_ever_published":false,"footnotes":""},"class_list":["post-113","page","type-page","status-publish","hentry"],"translation":{"provider":"WPGlobus","version":"3.0.2","language":"nl","enabled_languages":["de","nl"],"languages":{"de":{"title":true,"content":true,"excerpt":false},"nl":{"title":true,"content":true,"excerpt":false}}},"jetpack_sharing_enabled":true,"jetpack_shortlink":"https:\/\/wp.me\/P92er0-1P","_links":{"self":[{"href":"https:\/\/lebensgemeinschaft-zugvoegel.de\/zv\/nl\/wp-json\/wp\/v2\/pages\/113","targetHints":{"allow":["GET"]}}],"collection":[{"href":"https:\/\/lebensgemeinschaft-zugvoegel.de\/zv\/nl\/wp-json\/wp\/v2\/pages"}],"about":[{"href":"https:\/\/lebensgemeinschaft-zugvoegel.de\/zv\/nl\/wp-json\/wp\/v2\/types\/page"}],"author":[{"embeddable":true,"href":"https:\/\/lebensgemeinschaft-zugvoegel.de\/zv\/nl\/wp-json\/wp\/v2\/users\/3"}],"replies":[{"embeddable":true,"href":"https:\/\/lebensgemeinschaft-zugvoegel.de\/zv\/nl\/wp-json\/wp\/v2\/comments?post=113"}],"version-history":[{"count":12,"href":"https:\/\/lebensgemeinschaft-zugvoegel.de\/zv\/nl\/wp-json\/wp\/v2\/pages\/113\/revisions"}],"predecessor-version":[{"id":2012,"href":"https:\/\/lebensgemeinschaft-zugvoegel.de\/zv\/nl\/wp-json\/wp\/v2\/pages\/113\/revisions\/2012"}],"wp:attachment":[{"href":"https:\/\/lebensgemeinschaft-zugvoegel.de\/zv\/nl\/wp-json\/wp\/v2\/media?parent=113"}],"curies":[{"name":"wp","href":"https:\/\/api.w.org\/{rel}","templated":true}]}}