{"id":126,"date":"2013-03-18T13:41:38","date_gmt":"2013-03-18T11:41:38","guid":{"rendered":"http:\/\/lebensgemeinschaft-zugvoegel.de\/zv\/?page_id=126"},"modified":"2017-04-23T11:22:58","modified_gmt":"2017-04-23T09:22:58","slug":"unser-name-2","status":"publish","type":"page","link":"https:\/\/lebensgemeinschaft-zugvoegel.de\/zv\/nl\/unser-name-2\/","title":{"rendered":"Onze naam\u2026"},"content":{"rendered":"<p><img decoding=\"async\" src=\"http:\/\/lebensgemeinschaft-zugvoegel.de\/zv\/wp-content\/uploads\/2013\/03\/schwalbe.gif\" alt=\"schwalbe\"><\/p> <p>\u201cDe Trekvogels\u201d maakt geen deel uit van de vogelbescherming, of van \u201c De wilde ganzen\u201d. Ook vangen wij geen vogels bij ons op.<\/p> <p>Wel hebben wij belangrijke lessen geleerd van de trekvogels. Net als zij zijn wij gezamenlijk op weg naar een doel. Trekvogels vliegen immers in V-formatie.&nbsp; De sterkere vliegen vooraan en breken zo de luchtweerstand voor degenen, die achter hen komen. Als \u00e9\u00e9n van de voorste vogels moe wordt dan wisselt hij met \u00e9\u00e9n van de achterste van positie. &nbsp;En als een vogel helemaal niet meer verder kan, dan landt er minstens \u00e9\u00e9n met hem om uit te rusten en weer op krachten te komen. Als een zwerm vogels over vliegt horen we soms luid snateren. De vogels \u201cpraten\u201d onderling. Zij doen dit om elkaar te bemoedigen,&nbsp; om vol te houden en om onderling afgestemd te blijven op elkaar. Zo zijn ze gezamenlijk onderweg naar een doel. Het is een illustratie van Gods verlangen voor ons leven.<\/p> <p><img decoding=\"async\" src=\"http:\/\/lebensgemeinschaft-zugvoegel.de\/zv\/wp-content\/uploads\/2013\/03\/schwalbe.gif\" alt=\"schwalbe\"><img decoding=\"async\" src=\"http:\/\/lebensgemeinschaft-zugvoegel.de\/zv\/wp-content\/uploads\/2013\/03\/schwalbe.gif\" alt=\"schwalbe\"><\/p> ","protected":false},"excerpt":{"rendered":"<p>\u201cDe Trekvogels\u201d maakt geen deel uit van de vogelbescherming, of van \u201c De wilde ganzen\u201d. Ook vangen wij geen vogels bij ons op. Wel hebben wij belangrijke lessen geleerd van de trekvogels. Net als zij zijn wij gezamenlijk op weg naar een doel. Trekvogels vliegen immers in V-formatie.&nbsp; De sterkere vliegen vooraan en breken zo [&hellip;]<\/p>\n","protected":false},"author":3,"featured_media":0,"parent":0,"menu_order":0,"comment_status":"closed","ping_status":"closed","template":"","meta":{"ngg_post_thumbnail":0,"jetpack_post_was_ever_published":false,"footnotes":""},"class_list":["post-126","page","type-page","status-publish","hentry"],"translation":{"provider":"WPGlobus","version":"3.0.2","language":"nl","enabled_languages":["de","nl"],"languages":{"de":{"title":true,"content":true,"excerpt":false},"nl":{"title":true,"content":true,"excerpt":false}}},"jetpack_sharing_enabled":true,"jetpack_shortlink":"https:\/\/wp.me\/P92er0-22","_links":{"self":[{"href":"https:\/\/lebensgemeinschaft-zugvoegel.de\/zv\/nl\/wp-json\/wp\/v2\/pages\/126","targetHints":{"allow":["GET"]}}],"collection":[{"href":"https:\/\/lebensgemeinschaft-zugvoegel.de\/zv\/nl\/wp-json\/wp\/v2\/pages"}],"about":[{"href":"https:\/\/lebensgemeinschaft-zugvoegel.de\/zv\/nl\/wp-json\/wp\/v2\/types\/page"}],"author":[{"embeddable":true,"href":"https:\/\/lebensgemeinschaft-zugvoegel.de\/zv\/nl\/wp-json\/wp\/v2\/users\/3"}],"replies":[{"embeddable":true,"href":"https:\/\/lebensgemeinschaft-zugvoegel.de\/zv\/nl\/wp-json\/wp\/v2\/comments?post=126"}],"version-history":[{"count":5,"href":"https:\/\/lebensgemeinschaft-zugvoegel.de\/zv\/nl\/wp-json\/wp\/v2\/pages\/126\/revisions"}],"predecessor-version":[{"id":752,"href":"https:\/\/lebensgemeinschaft-zugvoegel.de\/zv\/nl\/wp-json\/wp\/v2\/pages\/126\/revisions\/752"}],"wp:attachment":[{"href":"https:\/\/lebensgemeinschaft-zugvoegel.de\/zv\/nl\/wp-json\/wp\/v2\/media?parent=126"}],"curies":[{"name":"wp","href":"https:\/\/api.w.org\/{rel}","templated":true}]}}