{"id":126,"date":"2013-03-18T13:41:38","date_gmt":"2013-03-18T11:41:38","guid":{"rendered":"http:\/\/lebensgemeinschaft-zugvoegel.de\/zv\/?page_id=126"},"modified":"2017-04-23T11:22:58","modified_gmt":"2017-04-23T09:22:58","slug":"unser-name-2","status":"publish","type":"page","link":"https:\/\/lebensgemeinschaft-zugvoegel.de\/zv\/unser-name-2\/","title":{"rendered":"Unser Name"},"content":{"rendered":"<p><img decoding=\"async\" src=\"http:\/\/lebensgemeinschaft-zugvoegel.de\/zv\/wp-content\/uploads\/2013\/03\/schwalbe.gif\" alt=\"schwalbe\"><br \/> &#8222;Die Zugv\u00f6gel&#8220; &#8211; nein, wir sind weder eine Vogelauffangstation noch ein Naturschutzverein. Auch nehmen wir keine Flederm\u00e4use bei uns in Pflege.<\/p> <p>Aber: Wir haben uns von den Zugv\u00f6geln am Himmel Wichtiges &#8222;abgeguckt&#8220;. Zugv\u00f6gel fliegen immer in einer V- Formation. Die St\u00e4rkeren fliegen vorneweg und brechen so f\u00fcr die folgenden den Luftwiderstand. Erm\u00fcdet eines der vorderen Tiere, tauscht es mit einem anderen seine Position. Und wenn ein Vogel gar nicht mehr kann, geht mindestens ein weiterer mit ihm zu Boden, um auszuruhen und neue Kraft zu sammeln. Zieht ein Vogelschwarm \u00fcbers Land, ist oft ein lautes Schnattern, Zirpen oder Piepsen zu h\u00f6ren. Die V\u00f6gel &#8222;unterhalten&#8220; sich. Sie tun es, um einander zum Durchhalten zu ermutigen, das Tempo und die Richtung abzustimmen. So sind sie gemeinsam unterwegs zu einem Ziel. Auf diese Art zeigen uns die Zugv\u00f6gel, was Gott sich f\u00fcr ein Leben w\u00fcnscht. <img decoding=\"async\" src=\"http:\/\/lebensgemeinschaft-zugvoegel.de\/zv\/wp-content\/uploads\/2013\/03\/schwalbe.gif\" alt=\"schwalbe\"><img decoding=\"async\" src=\"http:\/\/lebensgemeinschaft-zugvoegel.de\/zv\/wp-content\/uploads\/2013\/03\/schwalbe.gif\" alt=\"schwalbe\"><\/p> ","protected":false},"excerpt":{"rendered":"<p>&#8222;Die Zugv\u00f6gel&#8220; &#8211; nein, wir sind weder eine Vogelauffangstation noch ein Naturschutzverein. Auch nehmen wir keine Flederm\u00e4use bei uns in Pflege. Aber: Wir haben uns von den Zugv\u00f6geln am Himmel Wichtiges &#8222;abgeguckt&#8220;. Zugv\u00f6gel fliegen immer in einer V- Formation. Die St\u00e4rkeren fliegen vorneweg und brechen so f\u00fcr die folgenden den Luftwiderstand. Erm\u00fcdet eines der vorderen [&hellip;]<\/p>\n","protected":false},"author":3,"featured_media":0,"parent":0,"menu_order":0,"comment_status":"closed","ping_status":"closed","template":"","meta":{"ngg_post_thumbnail":0,"jetpack_post_was_ever_published":false,"footnotes":""},"class_list":["post-126","page","type-page","status-publish","hentry"],"translation":{"provider":"WPGlobus","version":"3.0.2","language":"de","enabled_languages":["de","nl"],"languages":{"de":{"title":true,"content":true,"excerpt":false},"nl":{"title":true,"content":true,"excerpt":false}}},"jetpack_sharing_enabled":true,"jetpack_shortlink":"https:\/\/wp.me\/P92er0-22","_links":{"self":[{"href":"https:\/\/lebensgemeinschaft-zugvoegel.de\/zv\/wp-json\/wp\/v2\/pages\/126","targetHints":{"allow":["GET"]}}],"collection":[{"href":"https:\/\/lebensgemeinschaft-zugvoegel.de\/zv\/wp-json\/wp\/v2\/pages"}],"about":[{"href":"https:\/\/lebensgemeinschaft-zugvoegel.de\/zv\/wp-json\/wp\/v2\/types\/page"}],"author":[{"embeddable":true,"href":"https:\/\/lebensgemeinschaft-zugvoegel.de\/zv\/wp-json\/wp\/v2\/users\/3"}],"replies":[{"embeddable":true,"href":"https:\/\/lebensgemeinschaft-zugvoegel.de\/zv\/wp-json\/wp\/v2\/comments?post=126"}],"version-history":[{"count":5,"href":"https:\/\/lebensgemeinschaft-zugvoegel.de\/zv\/wp-json\/wp\/v2\/pages\/126\/revisions"}],"predecessor-version":[{"id":752,"href":"https:\/\/lebensgemeinschaft-zugvoegel.de\/zv\/wp-json\/wp\/v2\/pages\/126\/revisions\/752"}],"wp:attachment":[{"href":"https:\/\/lebensgemeinschaft-zugvoegel.de\/zv\/wp-json\/wp\/v2\/media?parent=126"}],"curies":[{"name":"wp","href":"https:\/\/api.w.org\/{rel}","templated":true}]}}