{"id":136,"date":"2013-03-18T13:46:01","date_gmt":"2013-03-18T12:46:01","guid":{"rendered":"http:\/\/lebensgemeinschaft-zugvoegel.de\/zv\/?page_id=136"},"modified":"2025-07-14T16:21:29","modified_gmt":"2025-07-14T14:21:29","slug":"wir-mochten-2","status":"publish","type":"page","link":"https:\/\/lebensgemeinschaft-zugvoegel.de\/zv\/wir-mochten-2\/","title":{"rendered":"Wir m\u00f6chten &#8230;"},"content":{"rendered":"<p><img decoding=\"async\" class=\"alignleft\" src=\"http:\/\/lebensgemeinschaft-zugvoegel.de\/zv\/wp-content\/uploads\/2013\/03\/schwalbe.gif\" alt=\"schwalbe\"><\/p> <p>Wir m\u00f6chten&#8230; in zwei Bereichen besonders f\u00fcr Menschen da sein:<\/p> <p><strong>Gastfreundschaft<\/strong><br \/> Wer zu uns kommt, ist herzlich willkommen! Die Gr\u00fcnde, aus denen Menschen den Weg zu uns finden, sind dabei sehr verschieden. Die einen sind neugierig, was eine christliche Lebensgemeinschaft u\u0308berhaupt ist; andere wollen ausspannen und zur Ruhe kommen; wieder<br \/> andere m\u00f6chten uns einfach besuchen und ein Wochenende bei und mit uns erleben; und manche sind f\u00fcr sich auf der Suche nach einer Gemeinschaft. Die Zeit des Mitlebens ist dabei sehr unterschiedlich. Sie reicht von einem Tag u\u0308ber eine Woche bis zum Mitleben auf Dauer.<\/p> <p><strong>Seelsorge und Lebensberatung<\/strong><br \/> Dar\u00fcber hinaus finden sehr viele den Weg zu uns, weil sie in Lebens- und Glaubensfragen konkrete Hilfe brauchen.<\/p> <p>F\u00fcr uns ist es etwas vom Sch\u00f6nsten, wenn wir erleben, dass Menschen bei uns Kraft zum Glauben und zum Leben gewonnen haben.<br \/> Mit beidem, der Seelsorge und Lebensberatung sowie der Gastfreundschaft, m\u00f6chten wir unser Motto &#8222;&#8230; denn jeder braucht ein Zuhause&#8220; praktisch werden lassen.<\/p> <p style=\"text-align: right;\"><img decoding=\"async\" src=\"http:\/\/lebensgemeinschaft-zugvoegel.de\/zv\/wp-content\/uploads\/2013\/03\/schwalbe.gif\" alt=\"schwalbe\"><img decoding=\"async\" src=\"http:\/\/lebensgemeinschaft-zugvoegel.de\/zv\/wp-content\/uploads\/2013\/03\/schwalbe.gif\" alt=\"schwalbe\"><\/p> ","protected":false},"excerpt":{"rendered":"<p>Wir m\u00f6chten&#8230; in zwei Bereichen besonders f\u00fcr Menschen da sein: Gastfreundschaft Wer zu uns kommt, ist herzlich willkommen! Die Gr\u00fcnde, aus denen Menschen den Weg zu uns finden, sind dabei sehr verschieden. Die einen sind neugierig, was eine christliche Lebensgemeinschaft u\u0308berhaupt ist; andere wollen ausspannen und zur Ruhe kommen; wieder andere m\u00f6chten uns einfach besuchen [&hellip;]<\/p>\n","protected":false},"author":3,"featured_media":0,"parent":0,"menu_order":0,"comment_status":"closed","ping_status":"closed","template":"","meta":{"ngg_post_thumbnail":0,"jetpack_post_was_ever_published":false,"footnotes":""},"class_list":["post-136","page","type-page","status-publish","hentry"],"translation":{"provider":"WPGlobus","version":"3.0.2","language":"de","enabled_languages":["de","nl"],"languages":{"de":{"title":true,"content":true,"excerpt":false},"nl":{"title":true,"content":true,"excerpt":false}}},"jetpack_sharing_enabled":true,"jetpack_shortlink":"https:\/\/wp.me\/P92er0-2c","_links":{"self":[{"href":"https:\/\/lebensgemeinschaft-zugvoegel.de\/zv\/wp-json\/wp\/v2\/pages\/136","targetHints":{"allow":["GET"]}}],"collection":[{"href":"https:\/\/lebensgemeinschaft-zugvoegel.de\/zv\/wp-json\/wp\/v2\/pages"}],"about":[{"href":"https:\/\/lebensgemeinschaft-zugvoegel.de\/zv\/wp-json\/wp\/v2\/types\/page"}],"author":[{"embeddable":true,"href":"https:\/\/lebensgemeinschaft-zugvoegel.de\/zv\/wp-json\/wp\/v2\/users\/3"}],"replies":[{"embeddable":true,"href":"https:\/\/lebensgemeinschaft-zugvoegel.de\/zv\/wp-json\/wp\/v2\/comments?post=136"}],"version-history":[{"count":13,"href":"https:\/\/lebensgemeinschaft-zugvoegel.de\/zv\/wp-json\/wp\/v2\/pages\/136\/revisions"}],"predecessor-version":[{"id":2112,"href":"https:\/\/lebensgemeinschaft-zugvoegel.de\/zv\/wp-json\/wp\/v2\/pages\/136\/revisions\/2112"}],"wp:attachment":[{"href":"https:\/\/lebensgemeinschaft-zugvoegel.de\/zv\/wp-json\/wp\/v2\/media?parent=136"}],"curies":[{"name":"wp","href":"https:\/\/api.w.org\/{rel}","templated":true}]}}