{"id":2,"date":"2013-03-15T11:48:18","date_gmt":"2013-03-15T09:48:18","guid":{"rendered":"http:\/\/lebensgemeinschaft-zugvoegel.de\/zv\/?page_id=2"},"modified":"2025-07-14T17:00:26","modified_gmt":"2025-07-14T15:00:26","slug":"beispiel-seite","status":"publish","type":"page","link":"https:\/\/lebensgemeinschaft-zugvoegel.de\/zv\/","title":{"rendered":"Willkommen"},"content":{"rendered":"<p>{:de}<\/p> <h3><img loading=\"lazy\" decoding=\"async\" class=\"wp-image-1981 alignright\" src=\"https:\/\/lebensgemeinschaft-zugvoegel.de\/zv\/wp-content\/uploads\/2024\/08\/DSC_3492-300x200-1.jpg\" alt=\"\" width=\"455\" height=\"303\"><\/h3> <p>Hallo, Moin und herzlich Willkommen&nbsp; &nbsp; &nbsp; &nbsp; &nbsp; &nbsp; &nbsp; &nbsp; &nbsp; &nbsp; &nbsp; &nbsp; &nbsp; &nbsp; &nbsp;&nbsp;<\/p> <p>Wie die Zugv\u00f6gel sind auch wir gemeinsam unterwegs zu einem Ziel. Niederl\u00e4nder und Deutsche, Singles und ein Ehepaar. Unseren einzelnen F\u00e4higkeiten entsprechend \u201cfliegt\u201d immer ein anderer vorneweg und zieht so die anderen mit.<\/p> <p>Der wichtigste Punkt unseres gemeinsamen Lebens ist, dass wir uns regelm\u00e4\u00dfig treffen, um miteinander \u00fcber Gott und sein Wort nachzudenken und ins Gespr\u00e4ch zu kommen. Wir glauben, dass in Gottes Wort alles zu finden ist, was f\u00fcr ein Leben notwendig und gut ist.<\/p> <p>Ganz herzlich eingeladen sind Sie\/seid Ihr zu unseren <strong>Wochenschlussandachten<\/strong>. Wir feiern sie freitags um 19.00 Uhr in unserer Kapelle an den rechts&nbsp;<\/p> <p>angegebenen Terminen.<\/p> <h3><span style=\"color: #426e6e;\">Ferien machen<\/span><\/h3> <p>Seit einiger Zeit gibt es auf dem Gel\u00e4nde der Zugv\u00f6gel 2 Ferienwohnungen in unterschiedlichen Gr\u00f6\u00dfen.&nbsp;<br \/> F\u00fcr Informationen zu den Wohnungen bitte die folgenden Links (Booking.com) anklicken:<br \/> <a href=\"https:\/\/www.booking.com\/hotel\/de\/trekvogels-horn.de.html\" target=\"_blank\" rel=\"noopener\"><span style=\"color: #3366ff;\">Trekvogels H\u00f6rn<\/span><\/a><br \/> <span style=\"color: #3366ff;\"><a style=\"color: #3366ff;\" href=\"https:\/\/www.booking.com\/hotel\/de\/trekvogels-utkiek.de.html?aid=304142&amp;label=gen173nr-1FCAEoggI46AdIM1gEaDuIAQGYAQe4ARfIAQ_YAQHoAQH4AQyIAgGoAgO4AsSr16QGwAIB0gIkMzVhMjI2OTktNWZjZi00ZDE1LWJiOWUtYTJiZmVkMTE5M2E02AIG4AIB&amp;sid=186bd1a3235d0d639b26523e70c2116b&amp;dest_id=9395471;dest_type=hotel;dist=0;group_adults=2;group_children=0;hapos=1;hpos=1;no_rooms=1;req_adults=2;req_children=0;room1=A%2CA;sb_price_type=total;sr_order=popularity;srepoch=1687541214;srpvid=cc3b7aae56a30286;type=total;ucfs=1\ufffd\">Trekvogels Utkiek<\/a><\/span><\/p> ","protected":false},"excerpt":{"rendered":"<p>{:de} Hallo, Moin und herzlich Willkommen&nbsp; &nbsp; &nbsp; &nbsp; &nbsp; &nbsp; &nbsp; &nbsp; &nbsp; &nbsp; &nbsp; &nbsp; &nbsp; &nbsp; &nbsp;&nbsp; Wie die Zugv\u00f6gel sind auch wir gemeinsam unterwegs zu einem Ziel. Niederl\u00e4nder und Deutsche, Singles und ein Ehepaar. Unseren einzelnen F\u00e4higkeiten entsprechend \u201cfliegt\u201d immer ein anderer vorneweg und zieht so die anderen mit. Der wichtigste [&hellip;]<\/p>\n","protected":false},"author":3,"featured_media":0,"parent":0,"menu_order":0,"comment_status":"closed","ping_status":"closed","template":"","meta":{"ngg_post_thumbnail":0,"jetpack_post_was_ever_published":false,"footnotes":""},"class_list":["post-2","page","type-page","status-publish","hentry"],"translation":{"provider":"WPGlobus","version":"3.0.2","language":"de","enabled_languages":["de","nl"],"languages":{"de":{"title":true,"content":true,"excerpt":false},"nl":{"title":true,"content":true,"excerpt":false}}},"jetpack_sharing_enabled":true,"jetpack_shortlink":"https:\/\/wp.me\/P92er0-2","_links":{"self":[{"href":"https:\/\/lebensgemeinschaft-zugvoegel.de\/zv\/wp-json\/wp\/v2\/pages\/2","targetHints":{"allow":["GET"]}}],"collection":[{"href":"https:\/\/lebensgemeinschaft-zugvoegel.de\/zv\/wp-json\/wp\/v2\/pages"}],"about":[{"href":"https:\/\/lebensgemeinschaft-zugvoegel.de\/zv\/wp-json\/wp\/v2\/types\/page"}],"author":[{"embeddable":true,"href":"https:\/\/lebensgemeinschaft-zugvoegel.de\/zv\/wp-json\/wp\/v2\/users\/3"}],"replies":[{"embeddable":true,"href":"https:\/\/lebensgemeinschaft-zugvoegel.de\/zv\/wp-json\/wp\/v2\/comments?post=2"}],"version-history":[{"count":66,"href":"https:\/\/lebensgemeinschaft-zugvoegel.de\/zv\/wp-json\/wp\/v2\/pages\/2\/revisions"}],"predecessor-version":[{"id":2131,"href":"https:\/\/lebensgemeinschaft-zugvoegel.de\/zv\/wp-json\/wp\/v2\/pages\/2\/revisions\/2131"}],"wp:attachment":[{"href":"https:\/\/lebensgemeinschaft-zugvoegel.de\/zv\/wp-json\/wp\/v2\/media?parent=2"}],"curies":[{"name":"wp","href":"https:\/\/api.w.org\/{rel}","templated":true}]}}