{"id":97,"date":"2013-03-18T13:11:41","date_gmt":"2013-03-18T11:11:41","guid":{"rendered":"http:\/\/lebensgemeinschaft-zugvoegel.de\/zv\/?page_id=97"},"modified":"2025-07-14T16:15:13","modified_gmt":"2025-07-14T14:15:13","slug":"gemeinsames-leben-2","status":"publish","type":"page","link":"https:\/\/lebensgemeinschaft-zugvoegel.de\/zv\/gemeinsames-leben-2\/","title":{"rendered":"Gemeinsames Leben"},"content":{"rendered":"<table id=\"AutoNumber1\" style=\"background-color: #ffffff;\" border=\"0\" width=\"100%\" cellspacing=\"0\" cellpadding=\"10\"> <tbody> <tr> <td width=\"50%\"><img decoding=\"async\" src=\"http:\/\/lebensgemeinschaft-zugvoegel.de\/zv\/wp-content\/uploads\/2013\/03\/schwalbe.gif\" alt=\"schwalbe\"><br \/> Wer zu uns kommt, lebt unseren Alltag mit. Und dieser Alltag ist am ehesten mit dem einer gro\u00dfen Familie vergleichbar. Da jeder von uns seinem Beruf nachgeht, findet unser gemeinsames Leben haupts\u00e4chlich am Abend und am Wochenende in unserem Haupthaus &#8222;Huus Blinkf\u00fc\u00fcr&#8220; statt.<br \/> Hier wohnen unsere G\u00e4ste; hier treffen wir uns mit ihnen zu den gemeinsamen Mahlzeiten, zum Spielen, Unterhalten, Singen, Feiern und vielem mehr.<\/td> <td width=\"50%\"> <p align=\"center\"><a href=\"http:\/\/lebensgemeinschaft-zugvoegel.de\/zv\/wp-content\/uploads\/2013\/03\/DSC_3492.jpg\"><img loading=\"lazy\" decoding=\"async\" class=\"aligncenter size-medium wp-image-332\" src=\"http:\/\/lebensgemeinschaft-zugvoegel.de\/zv\/wp-content\/uploads\/2013\/03\/DSC_3492-300x200.jpg\" alt=\"DSC_3492\" width=\"300\" height=\"200\" srcset=\"https:\/\/lebensgemeinschaft-zugvoegel.de\/zv\/wp-content\/uploads\/2013\/03\/DSC_3492-300x200.jpg 300w, https:\/\/lebensgemeinschaft-zugvoegel.de\/zv\/wp-content\/uploads\/2013\/03\/DSC_3492-1024x682.jpg 1024w, https:\/\/lebensgemeinschaft-zugvoegel.de\/zv\/wp-content\/uploads\/2013\/03\/DSC_3492.jpg 2048w\" sizes=\"auto, (max-width: 300px) 100vw, 300px\" \/><\/a><\/p> <\/td> <\/tr> <\/tbody> <\/table> <table id=\"AutoNumber2\" style=\"background-color: #ffffff;\" border=\"0\" width=\"100%\" cellspacing=\"0\" cellpadding=\"10\"> <tbody> <tr> <td width=\"43%\">&nbsp;<\/td> <td width=\"57%\">Wir erleben oft, dass Kinder, Jugendliche und Erwachsene dieses Beisammensein in vollen Z\u00fcgen genie\u00dfen.<br \/> Und das i-T\u00fcpfelchen der Gem\u00fctlichkeit ist dabei immer &#8211; nach niederl\u00e4ndischer und ostfriesischer Tradition &#8211; die gute Tasse Kaffee und Tee.<\/td> <\/tr> <\/tbody> <\/table> <table id=\"AutoNumber3\" style=\"background-color: #ffffff;\" border=\"0\" width=\"100%\" cellspacing=\"10\" cellpadding=\"10\"> <tbody> <tr> <td width=\"53%\" height=\"162\">Der wichtigste Punkt unseres gemeinsamen Lebens ist, dass wir uns regelm\u00e4\u00dfig treffen, um miteinander \u00fcber Gott und sein Wort nachzudenken und ins Gespr\u00e4ch zu kommen. Wir glauben, dass in Gottes Wort alles zu finden ist, was f\u00fcr ein Leben notwendig und gut ist.<\/td> <td width=\"47%\" height=\"162\"> <p align=\"center\">&nbsp;<\/p> <\/td> <\/tr> <tr> <td width=\"53%\" height=\"162\">Und miteinander m\u00f6chten wir nach immer neuen Wegen suchen, wie wir die Botschaft, dass Gott die Menschen ohne Einschr\u00e4nkung liebt, so leben k\u00f6nnen, dass andere zum Glauben ermutigt werden.<\/td> <td width=\"47%\" height=\"162\">&nbsp;<\/td> <\/tr> <\/tbody> <\/table> <p style=\"text-align: right;\"><img decoding=\"async\" src=\"http:\/\/lebensgemeinschaft-zugvoegel.de\/zv\/wp-content\/uploads\/2013\/03\/schwalbe.gif\" alt=\"schwalbe\"><img decoding=\"async\" src=\"http:\/\/lebensgemeinschaft-zugvoegel.de\/zv\/wp-content\/uploads\/2013\/03\/schwalbe.gif\" alt=\"schwalbe\"><\/p> ","protected":false},"excerpt":{"rendered":"<p>Wer zu uns kommt, lebt unseren Alltag mit. Und dieser Alltag ist am ehesten mit dem einer gro\u00dfen Familie vergleichbar. Da jeder von uns seinem Beruf nachgeht, findet unser gemeinsames Leben haupts\u00e4chlich am Abend und am Wochenende in unserem Haupthaus &#8222;Huus Blinkf\u00fc\u00fcr&#8220; statt. Hier wohnen unsere G\u00e4ste; hier treffen wir uns mit ihnen zu den [&hellip;]<\/p>\n","protected":false},"author":3,"featured_media":0,"parent":0,"menu_order":0,"comment_status":"closed","ping_status":"closed","template":"","meta":{"ngg_post_thumbnail":0,"jetpack_post_was_ever_published":false,"footnotes":""},"class_list":["post-97","page","type-page","status-publish","hentry"],"translation":{"provider":"WPGlobus","version":"3.0.2","language":"de","enabled_languages":["de","nl"],"languages":{"de":{"title":true,"content":true,"excerpt":false},"nl":{"title":true,"content":true,"excerpt":false}}},"jetpack_sharing_enabled":true,"jetpack_shortlink":"https:\/\/wp.me\/P92er0-1z","_links":{"self":[{"href":"https:\/\/lebensgemeinschaft-zugvoegel.de\/zv\/wp-json\/wp\/v2\/pages\/97","targetHints":{"allow":["GET"]}}],"collection":[{"href":"https:\/\/lebensgemeinschaft-zugvoegel.de\/zv\/wp-json\/wp\/v2\/pages"}],"about":[{"href":"https:\/\/lebensgemeinschaft-zugvoegel.de\/zv\/wp-json\/wp\/v2\/types\/page"}],"author":[{"embeddable":true,"href":"https:\/\/lebensgemeinschaft-zugvoegel.de\/zv\/wp-json\/wp\/v2\/users\/3"}],"replies":[{"embeddable":true,"href":"https:\/\/lebensgemeinschaft-zugvoegel.de\/zv\/wp-json\/wp\/v2\/comments?post=97"}],"version-history":[{"count":13,"href":"https:\/\/lebensgemeinschaft-zugvoegel.de\/zv\/wp-json\/wp\/v2\/pages\/97\/revisions"}],"predecessor-version":[{"id":2110,"href":"https:\/\/lebensgemeinschaft-zugvoegel.de\/zv\/wp-json\/wp\/v2\/pages\/97\/revisions\/2110"}],"wp:attachment":[{"href":"https:\/\/lebensgemeinschaft-zugvoegel.de\/zv\/wp-json\/wp\/v2\/media?parent=97"}],"curies":[{"name":"wp","href":"https:\/\/api.w.org\/{rel}","templated":true}]}}